{"id":31211,"date":"2025-11-27T02:05:07","date_gmt":"2025-11-27T01:05:07","guid":{"rendered":"https:\/\/www.cober-active.com\/?post_type=product&#038;p=31211"},"modified":"2026-04-30T12:50:15","modified_gmt":"2026-04-30T10:50:15","slug":"dude","status":"publish","type":"product","link":"https:\/\/www.cober-active.com\/it\/prodotto\/dude\/","title":{"rendered":"Dude"},"content":{"rendered":"<p>Affronta ogni linea con sicurezza grazie ai bastoncini da freeski Dude, progettati per chi vive la montagna senza paura. Leggeri, resistenti e dall\u2019estetica pulita, i Dude offrono il mix perfetto tra performance tecnica e stile inconfondibile. I Dude sono l\u2019accessorio ideale per freerider che cercano affidabilit\u00e0, controllo preciso e un look capace di distinguersi in fuoripista.<\/p>\n","protected":false},"excerpt":{"rendered":"<p>Affronta ogni linea con sicurezza grazie ai bastoncini da freeski Dude, progettati per chi vive la montagna senza paura. Leggeri, resistenti e dall\u2019estetica pulita, i Dude offrono il mix perfetto tra performance tecnica e stile inconfondibile. I Dude sono l\u2019accessorio ideale per freerider che cercano affidabilit\u00e0, controllo preciso e un look capace di distinguersi in [&hellip;]<\/p>\n","protected":false},"featured_media":0,"template":"","meta":{"_acf_changed":false,"inline_featured_image":false},"product_brand":[],"product_cat":[27],"product_tag":[],"class_list":{"0":"post-31211","1":"product","2":"type-product","3":"status-publish","5":"product_cat-freeski","7":"first","8":"instock","9":"shipping-taxable","10":"purchasable","11":"product-type-variable","12":"has-default-attributes"},"acf":[],"yoast_head":"<!-- This site is optimized with the Yoast SEO plugin v27.4 - https:\/\/yoast.com\/product\/yoast-seo-wordpress\/ -->\n<title>Dude | Linea Freeski | Bastincini da Freeski | Cober<\/title>\n<meta name=\"description\" content=\"Realizzati con materiali ad alta resistenza e dotati di un\u2019impugnatura ergonomica che garantisce grip anche nelle condizioni pi\u00f9 estreme, questi bastoncini assicurano stabilit\u00e0, reattivit\u00e0 e comfort durante salti, curve veloci e atterraggi impegnativi.\" \/>\n<meta name=\"robots\" content=\"index, follow, max-snippet:-1, max-image-preview:large, max-video-preview:-1\" \/>\n<link rel=\"canonical\" href=\"https:\/\/www.cober-active.com\/it\/prodotto\/dude\/\" \/>\n<meta property=\"og:locale\" content=\"it_IT\" \/>\n<meta property=\"og:type\" content=\"article\" \/>\n<meta property=\"og:title\" content=\"Dude | Linea Freeski | Bastincini da Freeski | Cober\" \/>\n<meta property=\"og:description\" content=\"Realizzati con materiali ad alta resistenza e dotati di un\u2019impugnatura ergonomica che garantisce grip anche nelle condizioni pi\u00f9 estreme, questi bastoncini assicurano stabilit\u00e0, reattivit\u00e0 e comfort durante salti, curve veloci e atterraggi impegnativi.\" \/>\n<meta property=\"og:url\" content=\"https:\/\/www.cober-active.com\/it\/prodotto\/dude\/\" \/>\n<meta property=\"og:site_name\" content=\"Cober S.r.l.\" \/>\n<meta property=\"article:modified_time\" content=\"2026-04-30T10:50:15+00:00\" \/>\n<meta name=\"twitter:card\" content=\"summary_large_image\" \/>\n<meta name=\"twitter:label1\" content=\"Tempo di lettura stimato\" \/>\n\t<meta name=\"twitter:data1\" content=\"1 minuto\" \/>\n<script type=\"application\/ld+json\" class=\"yoast-schema-graph\">{\"@context\":\"https:\\\/\\\/schema.org\",\"@graph\":[{\"@type\":\"WebPage\",\"@id\":\"https:\\\/\\\/www.cober-active.com\\\/it\\\/prodotto\\\/dude\\\/\",\"url\":\"https:\\\/\\\/www.cober-active.com\\\/it\\\/prodotto\\\/dude\\\/\",\"name\":\"Dude | Linea Freeski | Bastincini da Freeski | Cober\",\"isPartOf\":{\"@id\":\"https:\\\/\\\/www.cober-active.com\\\/it\\\/#website\"},\"datePublished\":\"2025-11-27T01:05:07+00:00\",\"dateModified\":\"2026-04-30T10:50:15+00:00\",\"description\":\"Realizzati con materiali ad alta resistenza e dotati di un\u2019impugnatura ergonomica che garantisce grip anche nelle condizioni pi\u00f9 estreme, questi bastoncini assicurano stabilit\u00e0, reattivit\u00e0 e comfort durante salti, curve veloci e atterraggi impegnativi.\",\"breadcrumb\":{\"@id\":\"https:\\\/\\\/www.cober-active.com\\\/it\\\/prodotto\\\/dude\\\/#breadcrumb\"},\"inLanguage\":\"it-IT\",\"potentialAction\":[{\"@type\":\"ReadAction\",\"target\":[\"https:\\\/\\\/www.cober-active.com\\\/it\\\/prodotto\\\/dude\\\/\"]}]},{\"@type\":\"BreadcrumbList\",\"@id\":\"https:\\\/\\\/www.cober-active.com\\\/it\\\/prodotto\\\/dude\\\/#breadcrumb\",\"itemListElement\":[{\"@type\":\"ListItem\",\"position\":1,\"name\":\"Home\",\"item\":\"https:\\\/\\\/www.cober-active.com\\\/it\\\/\"},{\"@type\":\"ListItem\",\"position\":2,\"name\":\"Shop\",\"item\":\"https:\\\/\\\/www.cober-active.com\\\/it\\\/shop\\\/\"},{\"@type\":\"ListItem\",\"position\":3,\"name\":\"Dude\"}]},{\"@type\":\"WebSite\",\"@id\":\"https:\\\/\\\/www.cober-active.com\\\/it\\\/#website\",\"url\":\"https:\\\/\\\/www.cober-active.com\\\/it\\\/\",\"name\":\"Cober S.r.l.\",\"description\":\"\",\"potentialAction\":[{\"@type\":\"SearchAction\",\"target\":{\"@type\":\"EntryPoint\",\"urlTemplate\":\"https:\\\/\\\/www.cober-active.com\\\/it\\\/?s={search_term_string}\"},\"query-input\":{\"@type\":\"PropertyValueSpecification\",\"valueRequired\":true,\"valueName\":\"search_term_string\"}}],\"inLanguage\":\"it-IT\"}]}<\/script>\n<!-- \/ Yoast SEO plugin. -->","yoast_head_json":{"title":"Dude | Linea Freeski | Bastincini da Freeski | Cober","description":"Realizzati con materiali ad alta resistenza e dotati di un\u2019impugnatura ergonomica che garantisce grip anche nelle condizioni pi\u00f9 estreme, questi bastoncini assicurano stabilit\u00e0, reattivit\u00e0 e comfort durante salti, curve veloci e atterraggi impegnativi.","robots":{"index":"index","follow":"follow","max-snippet":"max-snippet:-1","max-image-preview":"max-image-preview:large","max-video-preview":"max-video-preview:-1"},"canonical":"https:\/\/www.cober-active.com\/it\/prodotto\/dude\/","og_locale":"it_IT","og_type":"article","og_title":"Dude | Linea Freeski | Bastincini da Freeski | Cober","og_description":"Realizzati con materiali ad alta resistenza e dotati di un\u2019impugnatura ergonomica che garantisce grip anche nelle condizioni pi\u00f9 estreme, questi bastoncini assicurano stabilit\u00e0, reattivit\u00e0 e comfort durante salti, curve veloci e atterraggi impegnativi.","og_url":"https:\/\/www.cober-active.com\/it\/prodotto\/dude\/","og_site_name":"Cober S.r.l.","article_modified_time":"2026-04-30T10:50:15+00:00","twitter_card":"summary_large_image","twitter_misc":{"Tempo di lettura stimato":"1 minuto"},"schema":{"@context":"https:\/\/schema.org","@graph":[{"@type":"WebPage","@id":"https:\/\/www.cober-active.com\/it\/prodotto\/dude\/","url":"https:\/\/www.cober-active.com\/it\/prodotto\/dude\/","name":"Dude | Linea Freeski | Bastincini da Freeski | Cober","isPartOf":{"@id":"https:\/\/www.cober-active.com\/it\/#website"},"datePublished":"2025-11-27T01:05:07+00:00","dateModified":"2026-04-30T10:50:15+00:00","description":"Realizzati con materiali ad alta resistenza e dotati di un\u2019impugnatura ergonomica che garantisce grip anche nelle condizioni pi\u00f9 estreme, questi bastoncini assicurano stabilit\u00e0, reattivit\u00e0 e comfort durante salti, curve veloci e atterraggi impegnativi.","breadcrumb":{"@id":"https:\/\/www.cober-active.com\/it\/prodotto\/dude\/#breadcrumb"},"inLanguage":"it-IT","potentialAction":[{"@type":"ReadAction","target":["https:\/\/www.cober-active.com\/it\/prodotto\/dude\/"]}]},{"@type":"BreadcrumbList","@id":"https:\/\/www.cober-active.com\/it\/prodotto\/dude\/#breadcrumb","itemListElement":[{"@type":"ListItem","position":1,"name":"Home","item":"https:\/\/www.cober-active.com\/it\/"},{"@type":"ListItem","position":2,"name":"Shop","item":"https:\/\/www.cober-active.com\/it\/shop\/"},{"@type":"ListItem","position":3,"name":"Dude"}]},{"@type":"WebSite","@id":"https:\/\/www.cober-active.com\/it\/#website","url":"https:\/\/www.cober-active.com\/it\/","name":"Cober S.r.l.","description":"","potentialAction":[{"@type":"SearchAction","target":{"@type":"EntryPoint","urlTemplate":"https:\/\/www.cober-active.com\/it\/?s={search_term_string}"},"query-input":{"@type":"PropertyValueSpecification","valueRequired":true,"valueName":"search_term_string"}}],"inLanguage":"it-IT"}]}},"_links":{"self":[{"href":"https:\/\/www.cober-active.com\/it\/wp-json\/wp\/v2\/product\/31211","targetHints":{"allow":["GET"]}}],"collection":[{"href":"https:\/\/www.cober-active.com\/it\/wp-json\/wp\/v2\/product"}],"about":[{"href":"https:\/\/www.cober-active.com\/it\/wp-json\/wp\/v2\/types\/product"}],"wp:attachment":[{"href":"https:\/\/www.cober-active.com\/it\/wp-json\/wp\/v2\/media?parent=31211"}],"wp:term":[{"taxonomy":"product_brand","embeddable":true,"href":"https:\/\/www.cober-active.com\/it\/wp-json\/wp\/v2\/product_brand?post=31211"},{"taxonomy":"product_cat","embeddable":true,"href":"https:\/\/www.cober-active.com\/it\/wp-json\/wp\/v2\/product_cat?post=31211"},{"taxonomy":"product_tag","embeddable":true,"href":"https:\/\/www.cober-active.com\/it\/wp-json\/wp\/v2\/product_tag?post=31211"}],"curies":[{"name":"wp","href":"https:\/\/api.w.org\/{rel}","templated":true}]}}