{"id":26576,"date":"2024-11-12T02:00:08","date_gmt":"2024-11-12T01:00:08","guid":{"rendered":"https:\/\/www.cober-active.com\/?post_type=product&#038;p=26576"},"modified":"2026-05-01T03:20:11","modified_gmt":"2026-05-01T01:20:11","slug":"grommet-orange","status":"publish","type":"product","link":"https:\/\/www.cober-active.com\/it\/prodotto\/grommet-orange\/","title":{"rendered":"Grommet Orange"},"content":{"rendered":"<p>I Grommet Orange sono bastoncini da sci bambino adatti a tutte le esigenze. La manopola \u00e8 stata studiata per adattarmi al meglio alla mano dei pi\u00f9 piccoli; il passamano \u00e8 facile da regolare, grazie al sistema quickstrap.<\/p>\n","protected":false},"excerpt":{"rendered":"<p>I Grommet Orange sono bastoncini da sci bambino adatti a tutte le esigenze. La manopola \u00e8 stata studiata per adattarmi al meglio alla mano dei pi\u00f9 piccoli; il passamano \u00e8 facile da regolare, grazie al sistema quickstrap.<\/p>\n","protected":false},"featured_media":29108,"template":"","meta":{"_acf_changed":false,"inline_featured_image":false},"product_brand":[],"product_cat":[26],"product_tag":[],"class_list":{"0":"post-26576","1":"product","2":"type-product","3":"status-publish","4":"has-post-thumbnail","6":"product_cat-alpine","8":"first","9":"instock","10":"shipping-taxable","11":"purchasable","12":"product-type-variable","13":"has-default-attributes"},"acf":[],"yoast_head":"<!-- This site is optimized with the Yoast SEO plugin v27.4 - https:\/\/yoast.com\/product\/yoast-seo-wordpress\/ -->\n<title>Grommet Orange | Linea Alpine | Bastoni da Sci | Cober<\/title>\n<meta name=\"description\" content=\"Coppia di bastoncini da sci bambino per discesa libera o gigante. Racchette da sci con manopola di facile impugnatura e passamano regolabile. Colore: arancione.\" \/>\n<meta name=\"robots\" content=\"index, follow, max-snippet:-1, max-image-preview:large, max-video-preview:-1\" \/>\n<link rel=\"canonical\" href=\"https:\/\/www.cober-active.com\/it\/prodotto\/grommet-orange\/\" \/>\n<meta property=\"og:locale\" content=\"it_IT\" \/>\n<meta property=\"og:type\" content=\"article\" \/>\n<meta property=\"og:title\" content=\"Grommet Orange | Linea Alpine | Bastoni da Sci | Cober\" \/>\n<meta property=\"og:description\" content=\"Coppia di bastoncini da sci bambino per discesa libera o gigante. Racchette da sci con manopola di facile impugnatura e passamano regolabile. Colore: arancione.\" \/>\n<meta property=\"og:url\" content=\"https:\/\/www.cober-active.com\/it\/prodotto\/grommet-orange\/\" \/>\n<meta property=\"og:site_name\" content=\"Cober S.r.l.\" \/>\n<meta property=\"article:modified_time\" content=\"2026-05-01T01:20:11+00:00\" \/>\n<meta property=\"og:image\" content=\"https:\/\/www.cober-active.com\/wp-content\/uploads\/2024\/12\/4241-118x945-1.png\" \/>\n\t<meta property=\"og:image:width\" content=\"1790\" \/>\n\t<meta property=\"og:image:height\" content=\"1921\" \/>\n\t<meta property=\"og:image:type\" content=\"image\/png\" \/>\n<meta name=\"twitter:card\" content=\"summary_large_image\" \/>\n<meta name=\"twitter:label1\" content=\"Tempo di lettura stimato\" \/>\n\t<meta name=\"twitter:data1\" content=\"1 minuto\" \/>\n<script type=\"application\/ld+json\" class=\"yoast-schema-graph\">{\"@context\":\"https:\\\/\\\/schema.org\",\"@graph\":[{\"@type\":\"WebPage\",\"@id\":\"https:\\\/\\\/www.cober-active.com\\\/it\\\/prodotto\\\/grommet-orange\\\/\",\"url\":\"https:\\\/\\\/www.cober-active.com\\\/it\\\/prodotto\\\/grommet-orange\\\/\",\"name\":\"Grommet Orange | Linea Alpine | Bastoni da Sci | Cober\",\"isPartOf\":{\"@id\":\"https:\\\/\\\/www.cober-active.com\\\/it\\\/#website\"},\"primaryImageOfPage\":{\"@id\":\"https:\\\/\\\/www.cober-active.com\\\/it\\\/prodotto\\\/grommet-orange\\\/#primaryimage\"},\"image\":{\"@id\":\"https:\\\/\\\/www.cober-active.com\\\/it\\\/prodotto\\\/grommet-orange\\\/#primaryimage\"},\"thumbnailUrl\":\"https:\\\/\\\/www.cober-active.com\\\/wp-content\\\/uploads\\\/2024\\\/12\\\/4241-118x945-1.png\",\"datePublished\":\"2024-11-12T01:00:08+00:00\",\"dateModified\":\"2026-05-01T01:20:11+00:00\",\"description\":\"Coppia di bastoncini da sci bambino per discesa libera o gigante. Racchette da sci con manopola di facile impugnatura e passamano regolabile. Colore: arancione.\",\"breadcrumb\":{\"@id\":\"https:\\\/\\\/www.cober-active.com\\\/it\\\/prodotto\\\/grommet-orange\\\/#breadcrumb\"},\"inLanguage\":\"it-IT\",\"potentialAction\":[{\"@type\":\"ReadAction\",\"target\":[\"https:\\\/\\\/www.cober-active.com\\\/it\\\/prodotto\\\/grommet-orange\\\/\"]}]},{\"@type\":\"ImageObject\",\"inLanguage\":\"it-IT\",\"@id\":\"https:\\\/\\\/www.cober-active.com\\\/it\\\/prodotto\\\/grommet-orange\\\/#primaryimage\",\"url\":\"https:\\\/\\\/www.cober-active.com\\\/wp-content\\\/uploads\\\/2024\\\/12\\\/4241-118x945-1.png\",\"contentUrl\":\"https:\\\/\\\/www.cober-active.com\\\/wp-content\\\/uploads\\\/2024\\\/12\\\/4241-118x945-1.png\",\"width\":1790,\"height\":1921},{\"@type\":\"BreadcrumbList\",\"@id\":\"https:\\\/\\\/www.cober-active.com\\\/it\\\/prodotto\\\/grommet-orange\\\/#breadcrumb\",\"itemListElement\":[{\"@type\":\"ListItem\",\"position\":1,\"name\":\"Home\",\"item\":\"https:\\\/\\\/www.cober-active.com\\\/it\\\/\"},{\"@type\":\"ListItem\",\"position\":2,\"name\":\"Shop\",\"item\":\"https:\\\/\\\/www.cober-active.com\\\/it\\\/shop\\\/\"},{\"@type\":\"ListItem\",\"position\":3,\"name\":\"Grommet Orange\"}]},{\"@type\":\"WebSite\",\"@id\":\"https:\\\/\\\/www.cober-active.com\\\/it\\\/#website\",\"url\":\"https:\\\/\\\/www.cober-active.com\\\/it\\\/\",\"name\":\"Cober S.r.l.\",\"description\":\"\",\"potentialAction\":[{\"@type\":\"SearchAction\",\"target\":{\"@type\":\"EntryPoint\",\"urlTemplate\":\"https:\\\/\\\/www.cober-active.com\\\/it\\\/?s={search_term_string}\"},\"query-input\":{\"@type\":\"PropertyValueSpecification\",\"valueRequired\":true,\"valueName\":\"search_term_string\"}}],\"inLanguage\":\"it-IT\"}]}<\/script>\n<!-- \/ Yoast SEO plugin. -->","yoast_head_json":{"title":"Grommet Orange | Linea Alpine | Bastoni da Sci | Cober","description":"Coppia di bastoncini da sci bambino per discesa libera o gigante. Racchette da sci con manopola di facile impugnatura e passamano regolabile. Colore: arancione.","robots":{"index":"index","follow":"follow","max-snippet":"max-snippet:-1","max-image-preview":"max-image-preview:large","max-video-preview":"max-video-preview:-1"},"canonical":"https:\/\/www.cober-active.com\/it\/prodotto\/grommet-orange\/","og_locale":"it_IT","og_type":"article","og_title":"Grommet Orange | Linea Alpine | Bastoni da Sci | Cober","og_description":"Coppia di bastoncini da sci bambino per discesa libera o gigante. Racchette da sci con manopola di facile impugnatura e passamano regolabile. Colore: arancione.","og_url":"https:\/\/www.cober-active.com\/it\/prodotto\/grommet-orange\/","og_site_name":"Cober S.r.l.","article_modified_time":"2026-05-01T01:20:11+00:00","og_image":[{"width":1790,"height":1921,"url":"https:\/\/www.cober-active.com\/wp-content\/uploads\/2024\/12\/4241-118x945-1.png","type":"image\/png"}],"twitter_card":"summary_large_image","twitter_misc":{"Tempo di lettura stimato":"1 minuto"},"schema":{"@context":"https:\/\/schema.org","@graph":[{"@type":"WebPage","@id":"https:\/\/www.cober-active.com\/it\/prodotto\/grommet-orange\/","url":"https:\/\/www.cober-active.com\/it\/prodotto\/grommet-orange\/","name":"Grommet Orange | Linea Alpine | Bastoni da Sci | Cober","isPartOf":{"@id":"https:\/\/www.cober-active.com\/it\/#website"},"primaryImageOfPage":{"@id":"https:\/\/www.cober-active.com\/it\/prodotto\/grommet-orange\/#primaryimage"},"image":{"@id":"https:\/\/www.cober-active.com\/it\/prodotto\/grommet-orange\/#primaryimage"},"thumbnailUrl":"https:\/\/www.cober-active.com\/wp-content\/uploads\/2024\/12\/4241-118x945-1.png","datePublished":"2024-11-12T01:00:08+00:00","dateModified":"2026-05-01T01:20:11+00:00","description":"Coppia di bastoncini da sci bambino per discesa libera o gigante. Racchette da sci con manopola di facile impugnatura e passamano regolabile. Colore: arancione.","breadcrumb":{"@id":"https:\/\/www.cober-active.com\/it\/prodotto\/grommet-orange\/#breadcrumb"},"inLanguage":"it-IT","potentialAction":[{"@type":"ReadAction","target":["https:\/\/www.cober-active.com\/it\/prodotto\/grommet-orange\/"]}]},{"@type":"ImageObject","inLanguage":"it-IT","@id":"https:\/\/www.cober-active.com\/it\/prodotto\/grommet-orange\/#primaryimage","url":"https:\/\/www.cober-active.com\/wp-content\/uploads\/2024\/12\/4241-118x945-1.png","contentUrl":"https:\/\/www.cober-active.com\/wp-content\/uploads\/2024\/12\/4241-118x945-1.png","width":1790,"height":1921},{"@type":"BreadcrumbList","@id":"https:\/\/www.cober-active.com\/it\/prodotto\/grommet-orange\/#breadcrumb","itemListElement":[{"@type":"ListItem","position":1,"name":"Home","item":"https:\/\/www.cober-active.com\/it\/"},{"@type":"ListItem","position":2,"name":"Shop","item":"https:\/\/www.cober-active.com\/it\/shop\/"},{"@type":"ListItem","position":3,"name":"Grommet Orange"}]},{"@type":"WebSite","@id":"https:\/\/www.cober-active.com\/it\/#website","url":"https:\/\/www.cober-active.com\/it\/","name":"Cober S.r.l.","description":"","potentialAction":[{"@type":"SearchAction","target":{"@type":"EntryPoint","urlTemplate":"https:\/\/www.cober-active.com\/it\/?s={search_term_string}"},"query-input":{"@type":"PropertyValueSpecification","valueRequired":true,"valueName":"search_term_string"}}],"inLanguage":"it-IT"}]}},"_links":{"self":[{"href":"https:\/\/www.cober-active.com\/it\/wp-json\/wp\/v2\/product\/26576","targetHints":{"allow":["GET"]}}],"collection":[{"href":"https:\/\/www.cober-active.com\/it\/wp-json\/wp\/v2\/product"}],"about":[{"href":"https:\/\/www.cober-active.com\/it\/wp-json\/wp\/v2\/types\/product"}],"wp:featuredmedia":[{"embeddable":true,"href":"https:\/\/www.cober-active.com\/it\/wp-json\/wp\/v2\/media\/29108"}],"wp:attachment":[{"href":"https:\/\/www.cober-active.com\/it\/wp-json\/wp\/v2\/media?parent=26576"}],"wp:term":[{"taxonomy":"product_brand","embeddable":true,"href":"https:\/\/www.cober-active.com\/it\/wp-json\/wp\/v2\/product_brand?post=26576"},{"taxonomy":"product_cat","embeddable":true,"href":"https:\/\/www.cober-active.com\/it\/wp-json\/wp\/v2\/product_cat?post=26576"},{"taxonomy":"product_tag","embeddable":true,"href":"https:\/\/www.cober-active.com\/it\/wp-json\/wp\/v2\/product_tag?post=26576"}],"curies":[{"name":"wp","href":"https:\/\/api.w.org\/{rel}","templated":true}]}}