{"id":24338,"date":"2023-10-03T02:06:21","date_gmt":"2023-10-03T00:06:21","guid":{"rendered":"https:\/\/www.cober-active.com\/?post_type=product&#038;p=24338"},"modified":"2026-05-12T14:40:24","modified_gmt":"2026-05-12T12:40:24","slug":"storm","status":"publish","type":"product","link":"https:\/\/www.cober-active.com\/it\/prodotto\/storm\/","title":{"rendered":"Storm"},"content":{"rendered":"<p>Storm \u00e8 una coppia di bastoncini da sci alpinismo. Garantiscono sicurezza e libert\u00e0 di movimento. Hanno la manopola in sughero naturale, che garantisce maggiore traspirazione ed \u00e8 adatta ad ogni situazione, in salita e in discesa, e il guantino presenta un comodo e veloce sistema di sgancio. Queste racchette da sci alpinismo sono regolabili grazie alla leva CamLock, la cui costruzione bi-materica permette maggior aderenza al tubo, per facilitarne l&#8217;uso in salita e in discesa. Dedizione. Sicurezza. Libert\u00e0. Questo \u00e8 lo sci alpinismo. Cosa stai aspettando?<\/p>\n","protected":false},"excerpt":{"rendered":"<p>Storm \u00e8 una coppia di bastoncini da sci alpinismo. Garantiscono sicurezza e libert\u00e0 di movimento. Hanno la manopola in sughero naturale, che garantisce maggiore traspirazione ed \u00e8 adatta ad ogni situazione, in salita e in discesa, e il guantino presenta un comodo e veloce sistema di sgancio. Queste racchette da sci alpinismo sono regolabili grazie [&hellip;]<\/p>\n","protected":false},"featured_media":29588,"template":"","meta":{"_acf_changed":false,"inline_featured_image":false},"product_brand":[],"product_cat":[29],"product_tag":[],"class_list":{"0":"post-24338","1":"product","2":"type-product","3":"status-publish","4":"has-post-thumbnail","6":"product_cat-ski-touring","8":"first","9":"instock","10":"shipping-taxable","11":"purchasable","12":"product-type-variable","13":"has-default-attributes"},"acf":[],"yoast_head":"<!-- This site is optimized with the Yoast SEO plugin v27.4 - https:\/\/yoast.com\/product\/yoast-seo-wordpress\/ -->\n<title>Storm | Linea Ski Touring | Bastoni Alpinismo | Cober<\/title>\n<meta name=\"description\" content=\"Coppia di bastoncini da alpinismo con manopola ergonomica sughero e sleeve. Racchette per sci alpinismo regolabili per una migliore salita e discesa.\" \/>\n<meta name=\"robots\" content=\"index, follow, max-snippet:-1, max-image-preview:large, max-video-preview:-1\" \/>\n<link rel=\"canonical\" href=\"https:\/\/www.cober-active.com\/it\/prodotto\/storm\/\" \/>\n<meta property=\"og:locale\" content=\"it_IT\" \/>\n<meta property=\"og:type\" content=\"article\" \/>\n<meta property=\"og:title\" content=\"Storm | Linea Ski Touring | Bastoni Alpinismo | Cober\" \/>\n<meta property=\"og:description\" content=\"Coppia di bastoncini da alpinismo con manopola ergonomica sughero e sleeve. Racchette per sci alpinismo regolabili per una migliore salita e discesa.\" \/>\n<meta property=\"og:url\" content=\"https:\/\/www.cober-active.com\/it\/prodotto\/storm\/\" \/>\n<meta property=\"og:site_name\" content=\"Cober S.r.l.\" \/>\n<meta property=\"article:modified_time\" content=\"2026-05-12T12:40:24+00:00\" \/>\n<meta property=\"og:image\" content=\"https:\/\/www.cober-active.com\/wp-content\/uploads\/2023\/10\/9231-118x945.png\" \/>\n\t<meta property=\"og:image:width\" content=\"118\" \/>\n\t<meta property=\"og:image:height\" content=\"945\" \/>\n\t<meta property=\"og:image:type\" content=\"image\/png\" \/>\n<meta name=\"twitter:card\" content=\"summary_large_image\" \/>\n<meta name=\"twitter:label1\" content=\"Tempo di lettura stimato\" \/>\n\t<meta name=\"twitter:data1\" content=\"1 minuto\" \/>\n<script type=\"application\/ld+json\" class=\"yoast-schema-graph\">{\"@context\":\"https:\\\/\\\/schema.org\",\"@graph\":[{\"@type\":\"WebPage\",\"@id\":\"https:\\\/\\\/www.cober-active.com\\\/it\\\/prodotto\\\/storm\\\/\",\"url\":\"https:\\\/\\\/www.cober-active.com\\\/it\\\/prodotto\\\/storm\\\/\",\"name\":\"Storm | Linea Ski Touring | Bastoni Alpinismo | Cober\",\"isPartOf\":{\"@id\":\"https:\\\/\\\/www.cober-active.com\\\/it\\\/#website\"},\"primaryImageOfPage\":{\"@id\":\"https:\\\/\\\/www.cober-active.com\\\/it\\\/prodotto\\\/storm\\\/#primaryimage\"},\"image\":{\"@id\":\"https:\\\/\\\/www.cober-active.com\\\/it\\\/prodotto\\\/storm\\\/#primaryimage\"},\"thumbnailUrl\":\"https:\\\/\\\/www.cober-active.com\\\/wp-content\\\/uploads\\\/2024\\\/12\\\/9231-118x945-1.png\",\"datePublished\":\"2023-10-03T00:06:21+00:00\",\"dateModified\":\"2026-05-12T12:40:24+00:00\",\"description\":\"Coppia di bastoncini da alpinismo con manopola ergonomica sughero e sleeve. Racchette per sci alpinismo regolabili per una migliore salita e discesa.\",\"breadcrumb\":{\"@id\":\"https:\\\/\\\/www.cober-active.com\\\/it\\\/prodotto\\\/storm\\\/#breadcrumb\"},\"inLanguage\":\"it-IT\",\"potentialAction\":[{\"@type\":\"ReadAction\",\"target\":[\"https:\\\/\\\/www.cober-active.com\\\/it\\\/prodotto\\\/storm\\\/\"]}]},{\"@type\":\"ImageObject\",\"inLanguage\":\"it-IT\",\"@id\":\"https:\\\/\\\/www.cober-active.com\\\/it\\\/prodotto\\\/storm\\\/#primaryimage\",\"url\":\"https:\\\/\\\/www.cober-active.com\\\/wp-content\\\/uploads\\\/2024\\\/12\\\/9231-118x945-1.png\",\"contentUrl\":\"https:\\\/\\\/www.cober-active.com\\\/wp-content\\\/uploads\\\/2024\\\/12\\\/9231-118x945-1.png\",\"width\":1790,\"height\":1921},{\"@type\":\"BreadcrumbList\",\"@id\":\"https:\\\/\\\/www.cober-active.com\\\/it\\\/prodotto\\\/storm\\\/#breadcrumb\",\"itemListElement\":[{\"@type\":\"ListItem\",\"position\":1,\"name\":\"Home\",\"item\":\"https:\\\/\\\/www.cober-active.com\\\/it\\\/\"},{\"@type\":\"ListItem\",\"position\":2,\"name\":\"Shop\",\"item\":\"https:\\\/\\\/www.cober-active.com\\\/it\\\/shop\\\/\"},{\"@type\":\"ListItem\",\"position\":3,\"name\":\"Storm\"}]},{\"@type\":\"WebSite\",\"@id\":\"https:\\\/\\\/www.cober-active.com\\\/it\\\/#website\",\"url\":\"https:\\\/\\\/www.cober-active.com\\\/it\\\/\",\"name\":\"Cober S.r.l.\",\"description\":\"\",\"potentialAction\":[{\"@type\":\"SearchAction\",\"target\":{\"@type\":\"EntryPoint\",\"urlTemplate\":\"https:\\\/\\\/www.cober-active.com\\\/it\\\/?s={search_term_string}\"},\"query-input\":{\"@type\":\"PropertyValueSpecification\",\"valueRequired\":true,\"valueName\":\"search_term_string\"}}],\"inLanguage\":\"it-IT\"}]}<\/script>\n<!-- \/ Yoast SEO plugin. -->","yoast_head_json":{"title":"Storm | Linea Ski Touring | Bastoni Alpinismo | Cober","description":"Coppia di bastoncini da alpinismo con manopola ergonomica sughero e sleeve. Racchette per sci alpinismo regolabili per una migliore salita e discesa.","robots":{"index":"index","follow":"follow","max-snippet":"max-snippet:-1","max-image-preview":"max-image-preview:large","max-video-preview":"max-video-preview:-1"},"canonical":"https:\/\/www.cober-active.com\/it\/prodotto\/storm\/","og_locale":"it_IT","og_type":"article","og_title":"Storm | Linea Ski Touring | Bastoni Alpinismo | Cober","og_description":"Coppia di bastoncini da alpinismo con manopola ergonomica sughero e sleeve. Racchette per sci alpinismo regolabili per una migliore salita e discesa.","og_url":"https:\/\/www.cober-active.com\/it\/prodotto\/storm\/","og_site_name":"Cober S.r.l.","article_modified_time":"2026-05-12T12:40:24+00:00","og_image":[{"width":118,"height":945,"url":"https:\/\/www.cober-active.com\/wp-content\/uploads\/2023\/10\/9231-118x945.png","type":"image\/png"}],"twitter_card":"summary_large_image","twitter_misc":{"Tempo di lettura stimato":"1 minuto"},"schema":{"@context":"https:\/\/schema.org","@graph":[{"@type":"WebPage","@id":"https:\/\/www.cober-active.com\/it\/prodotto\/storm\/","url":"https:\/\/www.cober-active.com\/it\/prodotto\/storm\/","name":"Storm | Linea Ski Touring | Bastoni Alpinismo | Cober","isPartOf":{"@id":"https:\/\/www.cober-active.com\/it\/#website"},"primaryImageOfPage":{"@id":"https:\/\/www.cober-active.com\/it\/prodotto\/storm\/#primaryimage"},"image":{"@id":"https:\/\/www.cober-active.com\/it\/prodotto\/storm\/#primaryimage"},"thumbnailUrl":"https:\/\/www.cober-active.com\/wp-content\/uploads\/2024\/12\/9231-118x945-1.png","datePublished":"2023-10-03T00:06:21+00:00","dateModified":"2026-05-12T12:40:24+00:00","description":"Coppia di bastoncini da alpinismo con manopola ergonomica sughero e sleeve. Racchette per sci alpinismo regolabili per una migliore salita e discesa.","breadcrumb":{"@id":"https:\/\/www.cober-active.com\/it\/prodotto\/storm\/#breadcrumb"},"inLanguage":"it-IT","potentialAction":[{"@type":"ReadAction","target":["https:\/\/www.cober-active.com\/it\/prodotto\/storm\/"]}]},{"@type":"ImageObject","inLanguage":"it-IT","@id":"https:\/\/www.cober-active.com\/it\/prodotto\/storm\/#primaryimage","url":"https:\/\/www.cober-active.com\/wp-content\/uploads\/2024\/12\/9231-118x945-1.png","contentUrl":"https:\/\/www.cober-active.com\/wp-content\/uploads\/2024\/12\/9231-118x945-1.png","width":1790,"height":1921},{"@type":"BreadcrumbList","@id":"https:\/\/www.cober-active.com\/it\/prodotto\/storm\/#breadcrumb","itemListElement":[{"@type":"ListItem","position":1,"name":"Home","item":"https:\/\/www.cober-active.com\/it\/"},{"@type":"ListItem","position":2,"name":"Shop","item":"https:\/\/www.cober-active.com\/it\/shop\/"},{"@type":"ListItem","position":3,"name":"Storm"}]},{"@type":"WebSite","@id":"https:\/\/www.cober-active.com\/it\/#website","url":"https:\/\/www.cober-active.com\/it\/","name":"Cober S.r.l.","description":"","potentialAction":[{"@type":"SearchAction","target":{"@type":"EntryPoint","urlTemplate":"https:\/\/www.cober-active.com\/it\/?s={search_term_string}"},"query-input":{"@type":"PropertyValueSpecification","valueRequired":true,"valueName":"search_term_string"}}],"inLanguage":"it-IT"}]}},"_links":{"self":[{"href":"https:\/\/www.cober-active.com\/it\/wp-json\/wp\/v2\/product\/24338","targetHints":{"allow":["GET"]}}],"collection":[{"href":"https:\/\/www.cober-active.com\/it\/wp-json\/wp\/v2\/product"}],"about":[{"href":"https:\/\/www.cober-active.com\/it\/wp-json\/wp\/v2\/types\/product"}],"wp:featuredmedia":[{"embeddable":true,"href":"https:\/\/www.cober-active.com\/it\/wp-json\/wp\/v2\/media\/29588"}],"wp:attachment":[{"href":"https:\/\/www.cober-active.com\/it\/wp-json\/wp\/v2\/media?parent=24338"}],"wp:term":[{"taxonomy":"product_brand","embeddable":true,"href":"https:\/\/www.cober-active.com\/it\/wp-json\/wp\/v2\/product_brand?post=24338"},{"taxonomy":"product_cat","embeddable":true,"href":"https:\/\/www.cober-active.com\/it\/wp-json\/wp\/v2\/product_cat?post=24338"},{"taxonomy":"product_tag","embeddable":true,"href":"https:\/\/www.cober-active.com\/it\/wp-json\/wp\/v2\/product_tag?post=24338"}],"curies":[{"name":"wp","href":"https:\/\/api.w.org\/{rel}","templated":true}]}}