{"id":24294,"date":"2023-10-03T02:05:59","date_gmt":"2023-10-03T00:05:59","guid":{"rendered":"https:\/\/www.cober-active.com\/?post_type=product&#038;p=24294"},"modified":"2026-04-22T14:30:18","modified_gmt":"2026-04-22T12:30:18","slug":"frosty","status":"publish","type":"product","link":"https:\/\/www.cober-active.com\/it\/prodotto\/frosty\/","title":{"rendered":"Frosty"},"content":{"rendered":"<p>Frosty \u00e8 una coppia di bastoncini da sci alpino per discesa libera o gigante. Il diametro 14 mm li rende molto leggeri; sono realizzate in ergal, alluminio molto resistente ai colpi e agli urti. La manopola Hero bi-componente \u00e8 pi\u00f9 soffice al tatto e permette una presa pi\u00f9 ergonomica. Le dimensioni della manopola sono state studiate per adattarsi a qualsiasi guanto. Questi bastoncini presentano un passamano facilmente regolabile, grazie al sistema quickstrap. Le piste vi aspettano!<\/p>\n","protected":false},"excerpt":{"rendered":"<p>Frosty \u00e8 una coppia di bastoncini da sci alpino per discesa libera o gigante. Il diametro 14 mm li rende molto leggeri; sono realizzate in ergal, alluminio molto resistente ai colpi e agli urti. La manopola Hero bi-componente \u00e8 pi\u00f9 soffice al tatto e permette una presa pi\u00f9 ergonomica. Le dimensioni della manopola sono state [&hellip;]<\/p>\n","protected":false},"featured_media":29364,"template":"","meta":{"_acf_changed":false,"inline_featured_image":false},"product_brand":[],"product_cat":[26],"product_tag":[],"class_list":{"0":"post-24294","1":"product","2":"type-product","3":"status-publish","4":"has-post-thumbnail","6":"product_cat-alpine","8":"first","9":"instock","10":"shipping-taxable","11":"purchasable","12":"product-type-variable","13":"has-default-attributes"},"acf":[],"yoast_head":"<!-- This site is optimized with the Yoast SEO plugin v27.4 - https:\/\/yoast.com\/product\/yoast-seo-wordpress\/ -->\n<title>Frosty | Linea Alpine | Bastoni da Sci | Cober<\/title>\n<meta name=\"description\" content=\"Coppia di bastoncini da sci alpino per discesa libera o gigante. Racchette da sci di \u00f814 mm e manopola ergonomica bicomponente, per allenamento e gara.\" \/>\n<meta name=\"robots\" content=\"index, follow, max-snippet:-1, max-image-preview:large, max-video-preview:-1\" \/>\n<link rel=\"canonical\" href=\"https:\/\/www.cober-active.com\/it\/prodotto\/frosty\/\" \/>\n<meta property=\"og:locale\" content=\"it_IT\" \/>\n<meta property=\"og:type\" content=\"article\" \/>\n<meta property=\"og:title\" content=\"Frosty | Linea Alpine | Bastoni da Sci | Cober\" \/>\n<meta property=\"og:description\" content=\"Coppia di bastoncini da sci alpino per discesa libera o gigante. Racchette da sci di \u00f814 mm e manopola ergonomica bicomponente, per allenamento e gara.\" \/>\n<meta property=\"og:url\" content=\"https:\/\/www.cober-active.com\/it\/prodotto\/frosty\/\" \/>\n<meta property=\"og:site_name\" content=\"Cober S.r.l.\" \/>\n<meta property=\"article:modified_time\" content=\"2026-04-22T12:30:18+00:00\" \/>\n<meta property=\"og:image\" content=\"https:\/\/www.cober-active.com\/wp-content\/uploads\/2024\/12\/7233-118x945-1.png\" \/>\n\t<meta property=\"og:image:width\" content=\"1790\" \/>\n\t<meta property=\"og:image:height\" content=\"1921\" \/>\n\t<meta property=\"og:image:type\" content=\"image\/png\" \/>\n<meta name=\"twitter:card\" content=\"summary_large_image\" \/>\n<meta name=\"twitter:label1\" content=\"Tempo di lettura stimato\" \/>\n\t<meta name=\"twitter:data1\" content=\"1 minuto\" \/>\n<script type=\"application\/ld+json\" class=\"yoast-schema-graph\">{\"@context\":\"https:\\\/\\\/schema.org\",\"@graph\":[{\"@type\":\"WebPage\",\"@id\":\"https:\\\/\\\/www.cober-active.com\\\/it\\\/prodotto\\\/frosty\\\/\",\"url\":\"https:\\\/\\\/www.cober-active.com\\\/it\\\/prodotto\\\/frosty\\\/\",\"name\":\"Frosty | Linea Alpine | Bastoni da Sci | Cober\",\"isPartOf\":{\"@id\":\"https:\\\/\\\/www.cober-active.com\\\/it\\\/#website\"},\"primaryImageOfPage\":{\"@id\":\"https:\\\/\\\/www.cober-active.com\\\/it\\\/prodotto\\\/frosty\\\/#primaryimage\"},\"image\":{\"@id\":\"https:\\\/\\\/www.cober-active.com\\\/it\\\/prodotto\\\/frosty\\\/#primaryimage\"},\"thumbnailUrl\":\"https:\\\/\\\/www.cober-active.com\\\/wp-content\\\/uploads\\\/2024\\\/12\\\/7233-118x945-1.png\",\"datePublished\":\"2023-10-03T00:05:59+00:00\",\"dateModified\":\"2026-04-22T12:30:18+00:00\",\"description\":\"Coppia di bastoncini da sci alpino per discesa libera o gigante. Racchette da sci di \u00f814 mm e manopola ergonomica bicomponente, per allenamento e gara.\",\"breadcrumb\":{\"@id\":\"https:\\\/\\\/www.cober-active.com\\\/it\\\/prodotto\\\/frosty\\\/#breadcrumb\"},\"inLanguage\":\"it-IT\",\"potentialAction\":[{\"@type\":\"ReadAction\",\"target\":[\"https:\\\/\\\/www.cober-active.com\\\/it\\\/prodotto\\\/frosty\\\/\"]}]},{\"@type\":\"ImageObject\",\"inLanguage\":\"it-IT\",\"@id\":\"https:\\\/\\\/www.cober-active.com\\\/it\\\/prodotto\\\/frosty\\\/#primaryimage\",\"url\":\"https:\\\/\\\/www.cober-active.com\\\/wp-content\\\/uploads\\\/2024\\\/12\\\/7233-118x945-1.png\",\"contentUrl\":\"https:\\\/\\\/www.cober-active.com\\\/wp-content\\\/uploads\\\/2024\\\/12\\\/7233-118x945-1.png\",\"width\":1790,\"height\":1921},{\"@type\":\"BreadcrumbList\",\"@id\":\"https:\\\/\\\/www.cober-active.com\\\/it\\\/prodotto\\\/frosty\\\/#breadcrumb\",\"itemListElement\":[{\"@type\":\"ListItem\",\"position\":1,\"name\":\"Home\",\"item\":\"https:\\\/\\\/www.cober-active.com\\\/it\\\/\"},{\"@type\":\"ListItem\",\"position\":2,\"name\":\"Shop\",\"item\":\"https:\\\/\\\/www.cober-active.com\\\/it\\\/shop\\\/\"},{\"@type\":\"ListItem\",\"position\":3,\"name\":\"Frosty\"}]},{\"@type\":\"WebSite\",\"@id\":\"https:\\\/\\\/www.cober-active.com\\\/it\\\/#website\",\"url\":\"https:\\\/\\\/www.cober-active.com\\\/it\\\/\",\"name\":\"Cober S.r.l.\",\"description\":\"\",\"potentialAction\":[{\"@type\":\"SearchAction\",\"target\":{\"@type\":\"EntryPoint\",\"urlTemplate\":\"https:\\\/\\\/www.cober-active.com\\\/it\\\/?s={search_term_string}\"},\"query-input\":{\"@type\":\"PropertyValueSpecification\",\"valueRequired\":true,\"valueName\":\"search_term_string\"}}],\"inLanguage\":\"it-IT\"}]}<\/script>\n<!-- \/ Yoast SEO plugin. -->","yoast_head_json":{"title":"Frosty | Linea Alpine | Bastoni da Sci | Cober","description":"Coppia di bastoncini da sci alpino per discesa libera o gigante. Racchette da sci di \u00f814 mm e manopola ergonomica bicomponente, per allenamento e gara.","robots":{"index":"index","follow":"follow","max-snippet":"max-snippet:-1","max-image-preview":"max-image-preview:large","max-video-preview":"max-video-preview:-1"},"canonical":"https:\/\/www.cober-active.com\/it\/prodotto\/frosty\/","og_locale":"it_IT","og_type":"article","og_title":"Frosty | Linea Alpine | Bastoni da Sci | Cober","og_description":"Coppia di bastoncini da sci alpino per discesa libera o gigante. Racchette da sci di \u00f814 mm e manopola ergonomica bicomponente, per allenamento e gara.","og_url":"https:\/\/www.cober-active.com\/it\/prodotto\/frosty\/","og_site_name":"Cober S.r.l.","article_modified_time":"2026-04-22T12:30:18+00:00","og_image":[{"width":1790,"height":1921,"url":"https:\/\/www.cober-active.com\/wp-content\/uploads\/2024\/12\/7233-118x945-1.png","type":"image\/png"}],"twitter_card":"summary_large_image","twitter_misc":{"Tempo di lettura stimato":"1 minuto"},"schema":{"@context":"https:\/\/schema.org","@graph":[{"@type":"WebPage","@id":"https:\/\/www.cober-active.com\/it\/prodotto\/frosty\/","url":"https:\/\/www.cober-active.com\/it\/prodotto\/frosty\/","name":"Frosty | Linea Alpine | Bastoni da Sci | Cober","isPartOf":{"@id":"https:\/\/www.cober-active.com\/it\/#website"},"primaryImageOfPage":{"@id":"https:\/\/www.cober-active.com\/it\/prodotto\/frosty\/#primaryimage"},"image":{"@id":"https:\/\/www.cober-active.com\/it\/prodotto\/frosty\/#primaryimage"},"thumbnailUrl":"https:\/\/www.cober-active.com\/wp-content\/uploads\/2024\/12\/7233-118x945-1.png","datePublished":"2023-10-03T00:05:59+00:00","dateModified":"2026-04-22T12:30:18+00:00","description":"Coppia di bastoncini da sci alpino per discesa libera o gigante. Racchette da sci di \u00f814 mm e manopola ergonomica bicomponente, per allenamento e gara.","breadcrumb":{"@id":"https:\/\/www.cober-active.com\/it\/prodotto\/frosty\/#breadcrumb"},"inLanguage":"it-IT","potentialAction":[{"@type":"ReadAction","target":["https:\/\/www.cober-active.com\/it\/prodotto\/frosty\/"]}]},{"@type":"ImageObject","inLanguage":"it-IT","@id":"https:\/\/www.cober-active.com\/it\/prodotto\/frosty\/#primaryimage","url":"https:\/\/www.cober-active.com\/wp-content\/uploads\/2024\/12\/7233-118x945-1.png","contentUrl":"https:\/\/www.cober-active.com\/wp-content\/uploads\/2024\/12\/7233-118x945-1.png","width":1790,"height":1921},{"@type":"BreadcrumbList","@id":"https:\/\/www.cober-active.com\/it\/prodotto\/frosty\/#breadcrumb","itemListElement":[{"@type":"ListItem","position":1,"name":"Home","item":"https:\/\/www.cober-active.com\/it\/"},{"@type":"ListItem","position":2,"name":"Shop","item":"https:\/\/www.cober-active.com\/it\/shop\/"},{"@type":"ListItem","position":3,"name":"Frosty"}]},{"@type":"WebSite","@id":"https:\/\/www.cober-active.com\/it\/#website","url":"https:\/\/www.cober-active.com\/it\/","name":"Cober S.r.l.","description":"","potentialAction":[{"@type":"SearchAction","target":{"@type":"EntryPoint","urlTemplate":"https:\/\/www.cober-active.com\/it\/?s={search_term_string}"},"query-input":{"@type":"PropertyValueSpecification","valueRequired":true,"valueName":"search_term_string"}}],"inLanguage":"it-IT"}]}},"_links":{"self":[{"href":"https:\/\/www.cober-active.com\/it\/wp-json\/wp\/v2\/product\/24294","targetHints":{"allow":["GET"]}}],"collection":[{"href":"https:\/\/www.cober-active.com\/it\/wp-json\/wp\/v2\/product"}],"about":[{"href":"https:\/\/www.cober-active.com\/it\/wp-json\/wp\/v2\/types\/product"}],"wp:featuredmedia":[{"embeddable":true,"href":"https:\/\/www.cober-active.com\/it\/wp-json\/wp\/v2\/media\/29364"}],"wp:attachment":[{"href":"https:\/\/www.cober-active.com\/it\/wp-json\/wp\/v2\/media?parent=24294"}],"wp:term":[{"taxonomy":"product_brand","embeddable":true,"href":"https:\/\/www.cober-active.com\/it\/wp-json\/wp\/v2\/product_brand?post=24294"},{"taxonomy":"product_cat","embeddable":true,"href":"https:\/\/www.cober-active.com\/it\/wp-json\/wp\/v2\/product_cat?post=24294"},{"taxonomy":"product_tag","embeddable":true,"href":"https:\/\/www.cober-active.com\/it\/wp-json\/wp\/v2\/product_tag?post=24294"}],"curies":[{"name":"wp","href":"https:\/\/api.w.org\/{rel}","templated":true}]}}