{"id":20328,"date":"2022-03-29T11:23:24","date_gmt":"2022-03-29T09:23:24","guid":{"rendered":"https:\/\/www.cober.it\/?post_type=product&#038;p=20328"},"modified":"2026-04-29T20:40:06","modified_gmt":"2026-04-29T18:40:06","slug":"buxus","status":"publish","type":"product","link":"https:\/\/www.cober-active.com\/it\/prodotto\/buxus\/","title":{"rendered":"Buxus"},"content":{"rendered":"<p>Buxus sar\u00e0 la coppia di bastoni da trekking che vi accompagner\u00e0 anche sui sentieri pi\u00f9 impervi. In carbonio, presentano una manopola ergonomica in schiuma espansa, con un&#8217;inclinazione complessiva di 7\u00b0 per garantire la massima ergonomia. Inoltre, la coda presente sul retro della manopola facilita l&#8217;impugnatura infraditale nelle situazioni pi\u00f9 complesse. Questi bastoncini sono ultraleggeri e facili da chiudere: misurano solo 38 cm!<\/p>\n","protected":false},"excerpt":{"rendered":"<p>Buxus sar\u00e0 la coppia di bastoni da trekking che vi accompagner\u00e0 anche sui sentieri pi\u00f9 impervi. In carbonio, presentano una manopola ergonomica in schiuma espansa, con un&#8217;inclinazione complessiva di 7\u00b0 per garantire la massima ergonomia. Inoltre, la coda presente sul retro della manopola facilita l&#8217;impugnatura infraditale nelle situazioni pi\u00f9 complesse. Questi bastoncini sono ultraleggeri e [&hellip;]<\/p>\n","protected":false},"featured_media":30063,"template":"","meta":{"_acf_changed":false,"inline_featured_image":false},"product_brand":[],"product_cat":[30],"product_tag":[],"class_list":{"0":"post-20328","1":"product","2":"type-product","3":"status-publish","4":"has-post-thumbnail","6":"product_cat-trekking","8":"first","9":"outofstock","10":"shipping-taxable","11":"purchasable","12":"product-type-variable","13":"has-default-attributes"},"acf":[],"yoast_head":"<!-- This site is optimized with the Yoast SEO plugin v27.4 - https:\/\/yoast.com\/product\/yoast-seo-wordpress\/ -->\n<title>Buxus | Linea Trekking | Bastoncini da Escursionismo | Cober<\/title>\n<meta name=\"description\" content=\"Coppia di bastoncini da trekking in carbonio con manopola ergonomica in schiuma espansa. Bastoni da trekking ultraleggeri che possono essere piegati fino a soli 38 cm. Visita il negozio!\" \/>\n<meta name=\"robots\" content=\"index, follow, max-snippet:-1, max-image-preview:large, max-video-preview:-1\" \/>\n<link rel=\"canonical\" href=\"https:\/\/www.cober-active.com\/it\/prodotto\/buxus\/\" \/>\n<meta property=\"og:locale\" content=\"it_IT\" \/>\n<meta property=\"og:type\" content=\"article\" \/>\n<meta property=\"og:title\" content=\"Buxus | Linea Trekking | Bastoncini da Escursionismo | Cober\" \/>\n<meta property=\"og:description\" content=\"Coppia di bastoncini da trekking in carbonio con manopola ergonomica in schiuma espansa. Bastoni da trekking ultraleggeri che possono essere piegati fino a soli 38 cm. Visita il negozio!\" \/>\n<meta property=\"og:url\" content=\"https:\/\/www.cober-active.com\/it\/prodotto\/buxus\/\" \/>\n<meta property=\"og:site_name\" content=\"Cober S.r.l.\" \/>\n<meta property=\"article:modified_time\" content=\"2026-04-29T18:40:06+00:00\" \/>\n<meta property=\"og:image\" content=\"https:\/\/www.cober-active.com\/wp-content\/uploads\/2022\/03\/2204-118x945-7.png\" \/>\n\t<meta property=\"og:image:width\" content=\"1790\" \/>\n\t<meta property=\"og:image:height\" content=\"1921\" \/>\n\t<meta property=\"og:image:type\" content=\"image\/png\" \/>\n<meta name=\"twitter:card\" content=\"summary_large_image\" \/>\n<meta name=\"twitter:label1\" content=\"Tempo di lettura stimato\" \/>\n\t<meta name=\"twitter:data1\" content=\"1 minuto\" \/>\n<script type=\"application\/ld+json\" class=\"yoast-schema-graph\">{\"@context\":\"https:\\\/\\\/schema.org\",\"@graph\":[{\"@type\":\"WebPage\",\"@id\":\"https:\\\/\\\/www.cober-active.com\\\/it\\\/prodotto\\\/buxus\\\/\",\"url\":\"https:\\\/\\\/www.cober-active.com\\\/it\\\/prodotto\\\/buxus\\\/\",\"name\":\"Buxus | Linea Trekking | Bastoncini da Escursionismo | Cober\",\"isPartOf\":{\"@id\":\"https:\\\/\\\/www.cober-active.com\\\/it\\\/#website\"},\"primaryImageOfPage\":{\"@id\":\"https:\\\/\\\/www.cober-active.com\\\/it\\\/prodotto\\\/buxus\\\/#primaryimage\"},\"image\":{\"@id\":\"https:\\\/\\\/www.cober-active.com\\\/it\\\/prodotto\\\/buxus\\\/#primaryimage\"},\"thumbnailUrl\":\"https:\\\/\\\/www.cober-active.com\\\/wp-content\\\/uploads\\\/2022\\\/03\\\/2204-118x945-7.png\",\"datePublished\":\"2022-03-29T09:23:24+00:00\",\"dateModified\":\"2026-04-29T18:40:06+00:00\",\"description\":\"Coppia di bastoncini da trekking in carbonio con manopola ergonomica in schiuma espansa. Bastoni da trekking ultraleggeri che possono essere piegati fino a soli 38 cm. Visita il negozio!\",\"breadcrumb\":{\"@id\":\"https:\\\/\\\/www.cober-active.com\\\/it\\\/prodotto\\\/buxus\\\/#breadcrumb\"},\"inLanguage\":\"it-IT\",\"potentialAction\":[{\"@type\":\"ReadAction\",\"target\":[\"https:\\\/\\\/www.cober-active.com\\\/it\\\/prodotto\\\/buxus\\\/\"]}]},{\"@type\":\"ImageObject\",\"inLanguage\":\"it-IT\",\"@id\":\"https:\\\/\\\/www.cober-active.com\\\/it\\\/prodotto\\\/buxus\\\/#primaryimage\",\"url\":\"https:\\\/\\\/www.cober-active.com\\\/wp-content\\\/uploads\\\/2022\\\/03\\\/2204-118x945-7.png\",\"contentUrl\":\"https:\\\/\\\/www.cober-active.com\\\/wp-content\\\/uploads\\\/2022\\\/03\\\/2204-118x945-7.png\",\"width\":1790,\"height\":1921},{\"@type\":\"BreadcrumbList\",\"@id\":\"https:\\\/\\\/www.cober-active.com\\\/it\\\/prodotto\\\/buxus\\\/#breadcrumb\",\"itemListElement\":[{\"@type\":\"ListItem\",\"position\":1,\"name\":\"Home\",\"item\":\"https:\\\/\\\/www.cober-active.com\\\/it\\\/\"},{\"@type\":\"ListItem\",\"position\":2,\"name\":\"Shop\",\"item\":\"https:\\\/\\\/www.cober-active.com\\\/it\\\/shop\\\/\"},{\"@type\":\"ListItem\",\"position\":3,\"name\":\"Buxus\"}]},{\"@type\":\"WebSite\",\"@id\":\"https:\\\/\\\/www.cober-active.com\\\/it\\\/#website\",\"url\":\"https:\\\/\\\/www.cober-active.com\\\/it\\\/\",\"name\":\"Cober S.r.l.\",\"description\":\"\",\"potentialAction\":[{\"@type\":\"SearchAction\",\"target\":{\"@type\":\"EntryPoint\",\"urlTemplate\":\"https:\\\/\\\/www.cober-active.com\\\/it\\\/?s={search_term_string}\"},\"query-input\":{\"@type\":\"PropertyValueSpecification\",\"valueRequired\":true,\"valueName\":\"search_term_string\"}}],\"inLanguage\":\"it-IT\"}]}<\/script>\n<!-- \/ Yoast SEO plugin. -->","yoast_head_json":{"title":"Buxus | Linea Trekking | Bastoncini da Escursionismo | Cober","description":"Coppia di bastoncini da trekking in carbonio con manopola ergonomica in schiuma espansa. Bastoni da trekking ultraleggeri che possono essere piegati fino a soli 38 cm. Visita il negozio!","robots":{"index":"index","follow":"follow","max-snippet":"max-snippet:-1","max-image-preview":"max-image-preview:large","max-video-preview":"max-video-preview:-1"},"canonical":"https:\/\/www.cober-active.com\/it\/prodotto\/buxus\/","og_locale":"it_IT","og_type":"article","og_title":"Buxus | Linea Trekking | Bastoncini da Escursionismo | Cober","og_description":"Coppia di bastoncini da trekking in carbonio con manopola ergonomica in schiuma espansa. Bastoni da trekking ultraleggeri che possono essere piegati fino a soli 38 cm. Visita il negozio!","og_url":"https:\/\/www.cober-active.com\/it\/prodotto\/buxus\/","og_site_name":"Cober S.r.l.","article_modified_time":"2026-04-29T18:40:06+00:00","og_image":[{"width":1790,"height":1921,"url":"https:\/\/www.cober-active.com\/wp-content\/uploads\/2022\/03\/2204-118x945-7.png","type":"image\/png"}],"twitter_card":"summary_large_image","twitter_misc":{"Tempo di lettura stimato":"1 minuto"},"schema":{"@context":"https:\/\/schema.org","@graph":[{"@type":"WebPage","@id":"https:\/\/www.cober-active.com\/it\/prodotto\/buxus\/","url":"https:\/\/www.cober-active.com\/it\/prodotto\/buxus\/","name":"Buxus | Linea Trekking | Bastoncini da Escursionismo | Cober","isPartOf":{"@id":"https:\/\/www.cober-active.com\/it\/#website"},"primaryImageOfPage":{"@id":"https:\/\/www.cober-active.com\/it\/prodotto\/buxus\/#primaryimage"},"image":{"@id":"https:\/\/www.cober-active.com\/it\/prodotto\/buxus\/#primaryimage"},"thumbnailUrl":"https:\/\/www.cober-active.com\/wp-content\/uploads\/2022\/03\/2204-118x945-7.png","datePublished":"2022-03-29T09:23:24+00:00","dateModified":"2026-04-29T18:40:06+00:00","description":"Coppia di bastoncini da trekking in carbonio con manopola ergonomica in schiuma espansa. Bastoni da trekking ultraleggeri che possono essere piegati fino a soli 38 cm. Visita il negozio!","breadcrumb":{"@id":"https:\/\/www.cober-active.com\/it\/prodotto\/buxus\/#breadcrumb"},"inLanguage":"it-IT","potentialAction":[{"@type":"ReadAction","target":["https:\/\/www.cober-active.com\/it\/prodotto\/buxus\/"]}]},{"@type":"ImageObject","inLanguage":"it-IT","@id":"https:\/\/www.cober-active.com\/it\/prodotto\/buxus\/#primaryimage","url":"https:\/\/www.cober-active.com\/wp-content\/uploads\/2022\/03\/2204-118x945-7.png","contentUrl":"https:\/\/www.cober-active.com\/wp-content\/uploads\/2022\/03\/2204-118x945-7.png","width":1790,"height":1921},{"@type":"BreadcrumbList","@id":"https:\/\/www.cober-active.com\/it\/prodotto\/buxus\/#breadcrumb","itemListElement":[{"@type":"ListItem","position":1,"name":"Home","item":"https:\/\/www.cober-active.com\/it\/"},{"@type":"ListItem","position":2,"name":"Shop","item":"https:\/\/www.cober-active.com\/it\/shop\/"},{"@type":"ListItem","position":3,"name":"Buxus"}]},{"@type":"WebSite","@id":"https:\/\/www.cober-active.com\/it\/#website","url":"https:\/\/www.cober-active.com\/it\/","name":"Cober S.r.l.","description":"","potentialAction":[{"@type":"SearchAction","target":{"@type":"EntryPoint","urlTemplate":"https:\/\/www.cober-active.com\/it\/?s={search_term_string}"},"query-input":{"@type":"PropertyValueSpecification","valueRequired":true,"valueName":"search_term_string"}}],"inLanguage":"it-IT"}]}},"_links":{"self":[{"href":"https:\/\/www.cober-active.com\/it\/wp-json\/wp\/v2\/product\/20328","targetHints":{"allow":["GET"]}}],"collection":[{"href":"https:\/\/www.cober-active.com\/it\/wp-json\/wp\/v2\/product"}],"about":[{"href":"https:\/\/www.cober-active.com\/it\/wp-json\/wp\/v2\/types\/product"}],"wp:featuredmedia":[{"embeddable":true,"href":"https:\/\/www.cober-active.com\/it\/wp-json\/wp\/v2\/media\/30063"}],"wp:attachment":[{"href":"https:\/\/www.cober-active.com\/it\/wp-json\/wp\/v2\/media?parent=20328"}],"wp:term":[{"taxonomy":"product_brand","embeddable":true,"href":"https:\/\/www.cober-active.com\/it\/wp-json\/wp\/v2\/product_brand?post=20328"},{"taxonomy":"product_cat","embeddable":true,"href":"https:\/\/www.cober-active.com\/it\/wp-json\/wp\/v2\/product_cat?post=20328"},{"taxonomy":"product_tag","embeddable":true,"href":"https:\/\/www.cober-active.com\/it\/wp-json\/wp\/v2\/product_tag?post=20328"}],"curies":[{"name":"wp","href":"https:\/\/api.w.org\/{rel}","templated":true}]}}